{"id":1849,"date":"2023-01-24T16:40:28","date_gmt":"2023-01-24T16:40:28","guid":{"rendered":"https:\/\/olympiquesspeciauxquebec.dev.gxi.co\/?page_id=1849"},"modified":"2023-03-20T14:42:52","modified_gmt":"2023-03-20T14:42:52","slug":"mission-and-values","status":"publish","type":"page","link":"https:\/\/olympiquesspeciauxquebec.dev.gxi.co\/en\/about-us\/mission-and-values\/","title":{"rendered":"Mission and values"},"content":{"rendered":"\t\t<div data-elementor-type=\"wp-page\" data-elementor-id=\"1849\" class=\"elementor elementor-1849 elementor-634\">\n\t\t\t\t\t\t\t\t\t<section class=\"elementor-section elementor-top-section elementor-element elementor-element-86f4d5b elementor-section-content-top elementor-section-boxed elementor-section-height-default elementor-section-height-default\" data-id=\"86f4d5b\" data-element_type=\"section\" data-settings=\"{&quot;background_background&quot;:&quot;classic&quot;}\">\n\t\t\t\t\t\t<div class=\"elementor-container elementor-column-gap-default\">\n\t\t\t\t\t<div class=\"elementor-column elementor-col-50 elementor-top-column elementor-element elementor-element-6af5838\" data-id=\"6af5838\" data-element_type=\"column\">\n\t\t\t<div class=\"elementor-widget-wrap elementor-element-populated\">\n\t\t\t\t\t\t\t\t<div class=\"elementor-element elementor-element-9a08b84 elementor-widget elementor-widget-text-editor\" data-id=\"9a08b84\" data-element_type=\"widget\" data-widget_type=\"text-editor.default\">\n\t\t\t\t<div class=\"elementor-widget-container\">\n\t\t\t<style>\/*! elementor - v3.11.5 - 14-03-2023 *\/\n.elementor-widget-text-editor.elementor-drop-cap-view-stacked .elementor-drop-cap{background-color:#818a91;color:#fff}.elementor-widget-text-editor.elementor-drop-cap-view-framed .elementor-drop-cap{color:#818a91;border:3px solid;background-color:transparent}.elementor-widget-text-editor:not(.elementor-drop-cap-view-default) .elementor-drop-cap{margin-top:8px}.elementor-widget-text-editor:not(.elementor-drop-cap-view-default) .elementor-drop-cap-letter{width:1em;height:1em}.elementor-widget-text-editor .elementor-drop-cap{float:left;text-align:center;line-height:1;font-size:50px}.elementor-widget-text-editor .elementor-drop-cap-letter{display:inline-block}<\/style>\t\t\t\t<p><strong>Mission<\/strong><br \/>Olympiques sp\u00e9ciaux Qu\u00e9bec a pour mission d\u2019enrichir, par le sport, la vie des personnes pr\u00e9sentant une d\u00e9ficience intellectuelle.<\/p><p><strong>Valeurs<\/strong><br \/>Tous les intervenants d\u2019Olympiques sp\u00e9ciaux Qu\u00e9bec qu\u2019ils soient administrateurs, b\u00e9n\u00e9voles ou employ\u00e9s sont unis par les valeurs suivantes qui guident leur travail au quotidien :<\/p><ul><li><strong>Autod\u00e9termination<\/strong><\/li><li><strong>Int\u00e9grit\u00e9<\/strong><\/li><li><strong>Respect<\/strong><\/li><li><strong>Inclusion<\/strong><\/li><li><strong>Professionnalisme<\/strong><\/li><\/ul>\t\t\t\t\t\t<\/div>\n\t\t\t\t<\/div>\n\t\t\t\t\t<\/div>\n\t\t<\/div>\n\t\t\t\t<div class=\"elementor-column elementor-col-50 elementor-top-column elementor-element elementor-element-241686e\" data-id=\"241686e\" data-element_type=\"column\">\n\t\t\t<div class=\"elementor-widget-wrap elementor-element-populated\">\n\t\t\t\t\t\t\t\t<div class=\"elementor-element elementor-element-373b300 elementor-widget elementor-widget-template\" data-id=\"373b300\" data-element_type=\"widget\" data-widget_type=\"template.default\">\n\t\t\t\t<div class=\"elementor-widget-container\">\n\t\t\t\t\t<div class=\"elementor-template\">\n\t\t\t\t\t<div data-elementor-type=\"section\" data-elementor-id=\"1958\" class=\"elementor elementor-1958 elementor-1313\">\n\t\t\t\t\t\t\t\t<section class=\"elementor-section elementor-top-section elementor-element elementor-element-477101e elementor-section-full_width elementor-section-content-top elementor-section-height-default elementor-section-height-default\" data-id=\"477101e\" data-element_type=\"section\">\n\t\t\t\t\t\t<div class=\"elementor-container elementor-column-gap-default\">\n\t\t\t\t\t<div class=\"elementor-column elementor-col-100 elementor-top-column elementor-element elementor-element-ba53bb9\" data-id=\"ba53bb9\" data-element_type=\"column\">\n\t\t\t<div class=\"elementor-widget-wrap elementor-element-populated\">\n\t\t\t\t\t\t\t\t<div class=\"elementor-element elementor-element-34d6ff9 elementor-widget elementor-widget-heading\" data-id=\"34d6ff9\" data-element_type=\"widget\" data-widget_type=\"heading.default\">\n\t\t\t\t<div class=\"elementor-widget-container\">\n\t\t\t<style>\/*! elementor - v3.11.5 - 14-03-2023 *\/\n.elementor-heading-title{padding:0;margin:0;line-height:1}.elementor-widget-heading .elementor-heading-title[class*=elementor-size-]>a{color:inherit;font-size:inherit;line-height:inherit}.elementor-widget-heading .elementor-heading-title.elementor-size-small{font-size:15px}.elementor-widget-heading .elementor-heading-title.elementor-size-medium{font-size:19px}.elementor-widget-heading .elementor-heading-title.elementor-size-large{font-size:29px}.elementor-widget-heading .elementor-heading-title.elementor-size-xl{font-size:39px}.elementor-widget-heading .elementor-heading-title.elementor-size-xxl{font-size:59px}<\/style><h2 class=\"elementor-heading-title elementor-size-default\">Recent news\n<\/h2>\t\t<\/div>\n\t\t\t\t<\/div>\n\t\t\t\t<div class=\"elementor-element elementor-element-db274c7 elementor-widget elementor-widget-shortcode\" data-id=\"db274c7\" data-element_type=\"widget\" data-widget_type=\"shortcode.default\">\n\t\t\t\t<div class=\"elementor-widget-container\">\n\t\t\t\n\t\t\t\t\n     \n\t\t\t<div class=\"elementor-element elementor-element-83cedc2 elementor-element-34d6ff9 elementor-widget elementor-widget-heading\" data-id=\"83cedc2\" data-element_type=\"widget\" data-widget_type=\"heading.default\">\n\t\t\t\t<div class=\"elementor-widget-container\">\n\t\t\t\t\t<h2 class=\"elementor-heading-title elementor-size-default\"> Upcoming events <\/h2>\t\t\n\t\t\t\t<\/div>\n\t\t\t<\/div>\n\n       \n\t\t<div class=\"elementor-element elementor-element-5d4bce3  elementor-element-87d8761 elementor-grid-1 elementor-posts--thumbnail-left elementor-posts--align-left elementor-grid-tablet-2 elementor-grid-mobile-1 elementor-widget elementor-widget-posts\" data-id=\"87d8761\" data-element_type=\"widget\" data-settings=\"{&quot;classic_columns&quot;:&quot;1&quot;,&quot;classic_row_gap&quot;:{&quot;unit&quot;:&quot;px&quot;,&quot;size&quot;:45,&quot;sizes&quot;:[]},&quot;classic_columns_tablet&quot;:&quot;2&quot;,&quot;classic_columns_mobile&quot;:&quot;1&quot;,&quot;classic_row_gap_tablet&quot;:{&quot;unit&quot;:&quot;px&quot;,&quot;size&quot;:&quot;&quot;,&quot;sizes&quot;:[]},&quot;classic_row_gap_mobile&quot;:{&quot;unit&quot;:&quot;px&quot;,&quot;size&quot;:&quot;&quot;,&quot;sizes&quot;:[]}}\" data-widget_type=\"posts.classic\">\n\t\t\t\t<div class=\"elementor-widget-container\"> \n\t\t\t \t\t<div class=\"elementor-posts-container elementor-posts elementor-posts--skin-classic elementor-grid elementor-has-item-ratio\">\n \n\t\t\t\t\t\t<article class=\"elementor-post elementor-grid-item post-719 post type-post status-publish format-standard has-post-thumbnail hentry  category-evenements\">\n\t\t\t\t\t\t\t<a class=\"elementor-post__thumbnail__link\"  style=\"max-width:100px;\" href=\"https:\/\/olympiquesspeciauxquebec.dev.gxi.co\/en\/olympic-winter-games\/\" >\n\t\t\t\t\t\t\t\t<div><img decoding=\"async\"  src=\"https:\/\/olympiquesspeciauxquebec.dev.gxi.co\/wp-content\/uploads\/2023\/01\/TimHorton-beigne-fr.jpg\"  ><\/div>\n\t\t\t\t\t\t\t<\/a>\n\t\t\t\t\t\t\t<div class=\"elementor-post__text\">\n\t\t\t\t\t\t\t\t<h3 class=\"elementor-post__title\">\n\t\t\t\t\t\t\t\t\t<a href=\"https:\/\/olympiquesspeciauxquebec.dev.gxi.co\/en\/olympic-winter-games\/\">\n\t\t\t\t\t\t\t\t\t\tOlympic Winter Games\t\t\n\t\t\t\t\t\t\t\t\t<\/a>\n\t\t\t\t\t\t\t\t<\/h3>\n\t\t\t\t\t\t\t\t<div class=\"elementor-post__meta-data\">\n\t\t\t\t\t\t\t\t\t<span class=\"elementor-post-date\"><\/span>\n\t\t\t\t\t\t\t\t<\/div>\n\t\t\t\t\t\t\t\t\n\t\t\t\t\t\t\t<\/div>\n\t\t\t\t\t\t<\/article>\n    \n\t\t\t<\/div>\n\t\t<\/div> \n    <\/div>\n\t\t<div class=\"elementor-shortcode\"><\/div>\n\t\t\t\t<\/div>\n\t\t\t\t<\/div>\n\t\t\t\t\t<\/div>\n\t\t<\/div>\n\t\t\t\t\t\t\t<\/div>\n\t\t<\/section>\n\t\t\t\t\t\t<\/div>\n\t\t\t\t<\/div>\n\t\t\t\t<\/div>\n\t\t\t\t<\/div>\n\t\t\t\t\t<\/div>\n\t\t<\/div>\n\t\t\t\t\t\t\t<\/div>\n\t\t<\/section>\n\t\t\t\t\t\t\t<\/div>\n\t\t","protected":false},"excerpt":{"rendered":"<p>Mission Olympiques sp\u00e9ciaux Qu\u00e9bec a pour mission d\u2019enrichir, par le sport, la vie des personnes pr\u00e9sentant une d\u00e9ficience intellectuelle. Valeurs Tous les intervenants d\u2019Olympiques sp\u00e9ciaux Qu\u00e9bec qu\u2019ils soient administrateurs, b\u00e9n\u00e9voles ou employ\u00e9s sont unis par les valeurs suivantes qui guident leur travail au quotidien : Autod\u00e9termination Int\u00e9grit\u00e9 Respect Inclusion Professionnalisme<\/p>\n","protected":false},"author":1,"featured_media":0,"parent":1848,"menu_order":0,"comment_status":"closed","ping_status":"closed","template":"elementor_header_footer","meta":{"site-sidebar-layout":"default","site-content-layout":"default","ast-global-header-display":"","ast-main-header-display":"","ast-hfb-above-header-display":"","ast-hfb-below-header-display":"","ast-hfb-mobile-header-display":"","site-post-title":"","ast-breadcrumbs-content":"","ast-featured-img":"","footer-sml-layout":"","theme-transparent-header-meta":"","adv-header-id-meta":"","stick-header-meta":"","header-above-stick-meta":"","header-main-stick-meta":"","header-below-stick-meta":""},"acf":[],"yoast_head":"<!-- This site is optimized with the Yoast SEO plugin v20.3 - https:\/\/yoast.com\/wordpress\/plugins\/seo\/ -->\n<title>Mission and values - Olympiques sp\u00e9ciaux Qu\u00e9bec<\/title>\n<meta name=\"robots\" content=\"index, follow, max-snippet:-1, max-image-preview:large, max-video-preview:-1\" \/>\n<link rel=\"canonical\" href=\"https:\/\/olympiquesspeciauxquebec.dev.gxi.co\/en\/about-us\/mission-and-values\/\" \/>\n<meta property=\"og:locale\" content=\"en_US\" \/>\n<meta property=\"og:type\" content=\"article\" \/>\n<meta property=\"og:title\" content=\"Mission and values - Olympiques sp\u00e9ciaux Qu\u00e9bec\" \/>\n<meta property=\"og:description\" content=\"Mission Olympiques sp\u00e9ciaux Qu\u00e9bec a pour mission d\u2019enrichir, par le sport, la vie des personnes pr\u00e9sentant une d\u00e9ficience intellectuelle. Valeurs Tous les intervenants d\u2019Olympiques sp\u00e9ciaux Qu\u00e9bec qu\u2019ils soient administrateurs, b\u00e9n\u00e9voles ou employ\u00e9s sont unis par les valeurs suivantes qui guident leur travail au quotidien : Autod\u00e9termination Int\u00e9grit\u00e9 Respect Inclusion Professionnalisme\" \/>\n<meta property=\"og:url\" content=\"https:\/\/olympiquesspeciauxquebec.dev.gxi.co\/en\/about-us\/mission-and-values\/\" \/>\n<meta property=\"og:site_name\" content=\"Olympiques sp\u00e9ciaux Qu\u00e9bec\" \/>\n<meta property=\"article:modified_time\" content=\"2023-03-20T14:42:52+00:00\" \/>\n<meta name=\"twitter:card\" content=\"summary_large_image\" \/>\n<script type=\"application\/ld+json\" class=\"yoast-schema-graph\">{\"@context\":\"https:\/\/schema.org\",\"@graph\":[{\"@type\":\"WebPage\",\"@id\":\"https:\/\/olympiquesspeciauxquebec.dev.gxi.co\/en\/about-us\/mission-and-values\/\",\"url\":\"https:\/\/olympiquesspeciauxquebec.dev.gxi.co\/en\/about-us\/mission-and-values\/\",\"name\":\"Mission and values - Olympiques sp\u00e9ciaux Qu\u00e9bec\",\"isPartOf\":{\"@id\":\"https:\/\/olympiquesspeciauxquebec.dev.gxi.co\/#website\"},\"datePublished\":\"2023-01-24T16:40:28+00:00\",\"dateModified\":\"2023-03-20T14:42:52+00:00\",\"breadcrumb\":{\"@id\":\"https:\/\/olympiquesspeciauxquebec.dev.gxi.co\/en\/about-us\/mission-and-values\/#breadcrumb\"},\"inLanguage\":\"en-US\",\"potentialAction\":[{\"@type\":\"ReadAction\",\"target\":[\"https:\/\/olympiquesspeciauxquebec.dev.gxi.co\/en\/about-us\/mission-and-values\/\"]}]},{\"@type\":\"BreadcrumbList\",\"@id\":\"https:\/\/olympiquesspeciauxquebec.dev.gxi.co\/en\/about-us\/mission-and-values\/#breadcrumb\",\"itemListElement\":[{\"@type\":\"ListItem\",\"position\":1,\"name\":\"Home\",\"item\":\"https:\/\/olympiquesspeciauxquebec.dev.gxi.co\/en\/\"},{\"@type\":\"ListItem\",\"position\":2,\"name\":\"About us\",\"item\":\"https:\/\/olympiquesspeciauxquebec.dev.gxi.co\/en\/about-us\/\"},{\"@type\":\"ListItem\",\"position\":3,\"name\":\"Mission and values\"}]},{\"@type\":\"WebSite\",\"@id\":\"https:\/\/olympiquesspeciauxquebec.dev.gxi.co\/#website\",\"url\":\"https:\/\/olympiquesspeciauxquebec.dev.gxi.co\/\",\"name\":\"Olympiques sp\u00e9ciaux Qu\u00e9bec\",\"description\":\"Olympiques sp\u00e9ciaux Qu\u00e9bec\",\"publisher\":{\"@id\":\"https:\/\/olympiquesspeciauxquebec.dev.gxi.co\/#organization\"},\"potentialAction\":[{\"@type\":\"SearchAction\",\"target\":{\"@type\":\"EntryPoint\",\"urlTemplate\":\"https:\/\/olympiquesspeciauxquebec.dev.gxi.co\/?s={search_term_string}\"},\"query-input\":\"required name=search_term_string\"}],\"inLanguage\":\"en-US\"},{\"@type\":\"Organization\",\"@id\":\"https:\/\/olympiquesspeciauxquebec.dev.gxi.co\/#organization\",\"name\":\"Olympiques sp\u00e9ciaux Qu\u00e9bec\",\"url\":\"https:\/\/olympiquesspeciauxquebec.dev.gxi.co\/\",\"logo\":{\"@type\":\"ImageObject\",\"inLanguage\":\"en-US\",\"@id\":\"https:\/\/olympiquesspeciauxquebec.dev.gxi.co\/#\/schema\/logo\/image\/\",\"url\":\"https:\/\/olympiquesspeciauxquebec.dev.gxi.co\/wp-content\/uploads\/2023\/01\/logo.jpg\",\"contentUrl\":\"https:\/\/olympiquesspeciauxquebec.dev.gxi.co\/wp-content\/uploads\/2023\/01\/logo.jpg\",\"width\":234,\"height\":70,\"caption\":\"Olympiques sp\u00e9ciaux Qu\u00e9bec\"},\"image\":{\"@id\":\"https:\/\/olympiquesspeciauxquebec.dev.gxi.co\/#\/schema\/logo\/image\/\"}}]}<\/script>\n<!-- \/ Yoast SEO plugin. -->","yoast_head_json":{"title":"Mission and values - Olympiques sp\u00e9ciaux Qu\u00e9bec","robots":{"index":"index","follow":"follow","max-snippet":"max-snippet:-1","max-image-preview":"max-image-preview:large","max-video-preview":"max-video-preview:-1"},"canonical":"https:\/\/olympiquesspeciauxquebec.dev.gxi.co\/en\/about-us\/mission-and-values\/","og_locale":"en_US","og_type":"article","og_title":"Mission and values - Olympiques sp\u00e9ciaux Qu\u00e9bec","og_description":"Mission Olympiques sp\u00e9ciaux Qu\u00e9bec a pour mission d\u2019enrichir, par le sport, la vie des personnes pr\u00e9sentant une d\u00e9ficience intellectuelle. Valeurs Tous les intervenants d\u2019Olympiques sp\u00e9ciaux Qu\u00e9bec qu\u2019ils soient administrateurs, b\u00e9n\u00e9voles ou employ\u00e9s sont unis par les valeurs suivantes qui guident leur travail au quotidien : Autod\u00e9termination Int\u00e9grit\u00e9 Respect Inclusion Professionnalisme","og_url":"https:\/\/olympiquesspeciauxquebec.dev.gxi.co\/en\/about-us\/mission-and-values\/","og_site_name":"Olympiques sp\u00e9ciaux Qu\u00e9bec","article_modified_time":"2023-03-20T14:42:52+00:00","twitter_card":"summary_large_image","schema":{"@context":"https:\/\/schema.org","@graph":[{"@type":"WebPage","@id":"https:\/\/olympiquesspeciauxquebec.dev.gxi.co\/en\/about-us\/mission-and-values\/","url":"https:\/\/olympiquesspeciauxquebec.dev.gxi.co\/en\/about-us\/mission-and-values\/","name":"Mission and values - Olympiques sp\u00e9ciaux Qu\u00e9bec","isPartOf":{"@id":"https:\/\/olympiquesspeciauxquebec.dev.gxi.co\/#website"},"datePublished":"2023-01-24T16:40:28+00:00","dateModified":"2023-03-20T14:42:52+00:00","breadcrumb":{"@id":"https:\/\/olympiquesspeciauxquebec.dev.gxi.co\/en\/about-us\/mission-and-values\/#breadcrumb"},"inLanguage":"en-US","potentialAction":[{"@type":"ReadAction","target":["https:\/\/olympiquesspeciauxquebec.dev.gxi.co\/en\/about-us\/mission-and-values\/"]}]},{"@type":"BreadcrumbList","@id":"https:\/\/olympiquesspeciauxquebec.dev.gxi.co\/en\/about-us\/mission-and-values\/#breadcrumb","itemListElement":[{"@type":"ListItem","position":1,"name":"Home","item":"https:\/\/olympiquesspeciauxquebec.dev.gxi.co\/en\/"},{"@type":"ListItem","position":2,"name":"About us","item":"https:\/\/olympiquesspeciauxquebec.dev.gxi.co\/en\/about-us\/"},{"@type":"ListItem","position":3,"name":"Mission and values"}]},{"@type":"WebSite","@id":"https:\/\/olympiquesspeciauxquebec.dev.gxi.co\/#website","url":"https:\/\/olympiquesspeciauxquebec.dev.gxi.co\/","name":"Olympiques sp\u00e9ciaux Qu\u00e9bec","description":"Olympiques sp\u00e9ciaux Qu\u00e9bec","publisher":{"@id":"https:\/\/olympiquesspeciauxquebec.dev.gxi.co\/#organization"},"potentialAction":[{"@type":"SearchAction","target":{"@type":"EntryPoint","urlTemplate":"https:\/\/olympiquesspeciauxquebec.dev.gxi.co\/?s={search_term_string}"},"query-input":"required name=search_term_string"}],"inLanguage":"en-US"},{"@type":"Organization","@id":"https:\/\/olympiquesspeciauxquebec.dev.gxi.co\/#organization","name":"Olympiques sp\u00e9ciaux Qu\u00e9bec","url":"https:\/\/olympiquesspeciauxquebec.dev.gxi.co\/","logo":{"@type":"ImageObject","inLanguage":"en-US","@id":"https:\/\/olympiquesspeciauxquebec.dev.gxi.co\/#\/schema\/logo\/image\/","url":"https:\/\/olympiquesspeciauxquebec.dev.gxi.co\/wp-content\/uploads\/2023\/01\/logo.jpg","contentUrl":"https:\/\/olympiquesspeciauxquebec.dev.gxi.co\/wp-content\/uploads\/2023\/01\/logo.jpg","width":234,"height":70,"caption":"Olympiques sp\u00e9ciaux Qu\u00e9bec"},"image":{"@id":"https:\/\/olympiquesspeciauxquebec.dev.gxi.co\/#\/schema\/logo\/image\/"}}]}},"_links":{"self":[{"href":"https:\/\/olympiquesspeciauxquebec.dev.gxi.co\/en\/wp-json\/wp\/v2\/pages\/1849"}],"collection":[{"href":"https:\/\/olympiquesspeciauxquebec.dev.gxi.co\/en\/wp-json\/wp\/v2\/pages"}],"about":[{"href":"https:\/\/olympiquesspeciauxquebec.dev.gxi.co\/en\/wp-json\/wp\/v2\/types\/page"}],"author":[{"embeddable":true,"href":"https:\/\/olympiquesspeciauxquebec.dev.gxi.co\/en\/wp-json\/wp\/v2\/users\/1"}],"replies":[{"embeddable":true,"href":"https:\/\/olympiquesspeciauxquebec.dev.gxi.co\/en\/wp-json\/wp\/v2\/comments?post=1849"}],"version-history":[{"count":1,"href":"https:\/\/olympiquesspeciauxquebec.dev.gxi.co\/en\/wp-json\/wp\/v2\/pages\/1849\/revisions"}],"predecessor-version":[{"id":1859,"href":"https:\/\/olympiquesspeciauxquebec.dev.gxi.co\/en\/wp-json\/wp\/v2\/pages\/1849\/revisions\/1859"}],"up":[{"embeddable":true,"href":"https:\/\/olympiquesspeciauxquebec.dev.gxi.co\/en\/wp-json\/wp\/v2\/pages\/1848"}],"wp:attachment":[{"href":"https:\/\/olympiquesspeciauxquebec.dev.gxi.co\/en\/wp-json\/wp\/v2\/media?parent=1849"}],"curies":[{"name":"wp","href":"https:\/\/api.w.org\/{rel}","templated":true}]}}