{"id":1848,"date":"2023-01-24T16:39:28","date_gmt":"2023-01-24T16:39:28","guid":{"rendered":"https:\/\/olympiquesspeciauxquebec.dev.gxi.co\/?page_id=1848"},"modified":"2023-03-20T14:42:10","modified_gmt":"2023-03-20T14:42:10","slug":"about-us","status":"publish","type":"page","link":"https:\/\/olympiquesspeciauxquebec.dev.gxi.co\/en\/about-us\/","title":{"rendered":"About us"},"content":{"rendered":"","protected":false},"excerpt":{"rendered":"","protected":false},"author":1,"featured_media":0,"parent":0,"menu_order":4,"comment_status":"closed","ping_status":"closed","template":"","meta":{"site-sidebar-layout":"default","site-content-layout":"default","ast-global-header-display":"","ast-main-header-display":"","ast-hfb-above-header-display":"","ast-hfb-below-header-display":"","ast-hfb-mobile-header-display":"","site-post-title":"","ast-breadcrumbs-content":"","ast-featured-img":"","footer-sml-layout":"","theme-transparent-header-meta":"","adv-header-id-meta":"","stick-header-meta":"","header-above-stick-meta":"","header-main-stick-meta":"","header-below-stick-meta":""},"acf":[],"yoast_head":"<!-- This site is optimized with the Yoast SEO plugin v20.3 - https:\/\/yoast.com\/wordpress\/plugins\/seo\/ -->\n<title>About us - Olympiques sp\u00e9ciaux Qu\u00e9bec<\/title>\n<meta name=\"robots\" content=\"index, follow, max-snippet:-1, max-image-preview:large, max-video-preview:-1\" \/>\n<link rel=\"canonical\" href=\"https:\/\/olympiquesspeciauxquebec.dev.gxi.co\/en\/about-us\/\" \/>\n<meta property=\"og:locale\" content=\"en_US\" \/>\n<meta property=\"og:type\" content=\"article\" \/>\n<meta property=\"og:title\" content=\"About us - Olympiques sp\u00e9ciaux Qu\u00e9bec\" \/>\n<meta property=\"og:url\" content=\"https:\/\/olympiquesspeciauxquebec.dev.gxi.co\/en\/about-us\/\" \/>\n<meta property=\"og:site_name\" content=\"Olympiques sp\u00e9ciaux Qu\u00e9bec\" \/>\n<meta property=\"article:modified_time\" content=\"2023-03-20T14:42:10+00:00\" \/>\n<meta name=\"twitter:card\" content=\"summary_large_image\" \/>\n<script type=\"application\/ld+json\" class=\"yoast-schema-graph\">{\"@context\":\"https:\/\/schema.org\",\"@graph\":[{\"@type\":\"WebPage\",\"@id\":\"https:\/\/olympiquesspeciauxquebec.dev.gxi.co\/en\/about-us\/\",\"url\":\"https:\/\/olympiquesspeciauxquebec.dev.gxi.co\/en\/about-us\/\",\"name\":\"About us - Olympiques sp\u00e9ciaux Qu\u00e9bec\",\"isPartOf\":{\"@id\":\"https:\/\/olympiquesspeciauxquebec.dev.gxi.co\/#website\"},\"datePublished\":\"2023-01-24T16:39:28+00:00\",\"dateModified\":\"2023-03-20T14:42:10+00:00\",\"breadcrumb\":{\"@id\":\"https:\/\/olympiquesspeciauxquebec.dev.gxi.co\/en\/about-us\/#breadcrumb\"},\"inLanguage\":\"en-US\",\"potentialAction\":[{\"@type\":\"ReadAction\",\"target\":[\"https:\/\/olympiquesspeciauxquebec.dev.gxi.co\/en\/about-us\/\"]}]},{\"@type\":\"BreadcrumbList\",\"@id\":\"https:\/\/olympiquesspeciauxquebec.dev.gxi.co\/en\/about-us\/#breadcrumb\",\"itemListElement\":[{\"@type\":\"ListItem\",\"position\":1,\"name\":\"Home\",\"item\":\"https:\/\/olympiquesspeciauxquebec.dev.gxi.co\/en\/\"},{\"@type\":\"ListItem\",\"position\":2,\"name\":\"About us\"}]},{\"@type\":\"WebSite\",\"@id\":\"https:\/\/olympiquesspeciauxquebec.dev.gxi.co\/#website\",\"url\":\"https:\/\/olympiquesspeciauxquebec.dev.gxi.co\/\",\"name\":\"Olympiques sp\u00e9ciaux Qu\u00e9bec\",\"description\":\"Olympiques sp\u00e9ciaux Qu\u00e9bec\",\"publisher\":{\"@id\":\"https:\/\/olympiquesspeciauxquebec.dev.gxi.co\/#organization\"},\"potentialAction\":[{\"@type\":\"SearchAction\",\"target\":{\"@type\":\"EntryPoint\",\"urlTemplate\":\"https:\/\/olympiquesspeciauxquebec.dev.gxi.co\/?s={search_term_string}\"},\"query-input\":\"required name=search_term_string\"}],\"inLanguage\":\"en-US\"},{\"@type\":\"Organization\",\"@id\":\"https:\/\/olympiquesspeciauxquebec.dev.gxi.co\/#organization\",\"name\":\"Olympiques sp\u00e9ciaux Qu\u00e9bec\",\"url\":\"https:\/\/olympiquesspeciauxquebec.dev.gxi.co\/\",\"logo\":{\"@type\":\"ImageObject\",\"inLanguage\":\"en-US\",\"@id\":\"https:\/\/olympiquesspeciauxquebec.dev.gxi.co\/#\/schema\/logo\/image\/\",\"url\":\"https:\/\/olympiquesspeciauxquebec.dev.gxi.co\/wp-content\/uploads\/2023\/01\/logo.jpg\",\"contentUrl\":\"https:\/\/olympiquesspeciauxquebec.dev.gxi.co\/wp-content\/uploads\/2023\/01\/logo.jpg\",\"width\":234,\"height\":70,\"caption\":\"Olympiques sp\u00e9ciaux Qu\u00e9bec\"},\"image\":{\"@id\":\"https:\/\/olympiquesspeciauxquebec.dev.gxi.co\/#\/schema\/logo\/image\/\"}}]}<\/script>\n<!-- \/ Yoast SEO plugin. -->","yoast_head_json":{"title":"About us - Olympiques sp\u00e9ciaux Qu\u00e9bec","robots":{"index":"index","follow":"follow","max-snippet":"max-snippet:-1","max-image-preview":"max-image-preview:large","max-video-preview":"max-video-preview:-1"},"canonical":"https:\/\/olympiquesspeciauxquebec.dev.gxi.co\/en\/about-us\/","og_locale":"en_US","og_type":"article","og_title":"About us - Olympiques sp\u00e9ciaux Qu\u00e9bec","og_url":"https:\/\/olympiquesspeciauxquebec.dev.gxi.co\/en\/about-us\/","og_site_name":"Olympiques sp\u00e9ciaux Qu\u00e9bec","article_modified_time":"2023-03-20T14:42:10+00:00","twitter_card":"summary_large_image","schema":{"@context":"https:\/\/schema.org","@graph":[{"@type":"WebPage","@id":"https:\/\/olympiquesspeciauxquebec.dev.gxi.co\/en\/about-us\/","url":"https:\/\/olympiquesspeciauxquebec.dev.gxi.co\/en\/about-us\/","name":"About us - Olympiques sp\u00e9ciaux Qu\u00e9bec","isPartOf":{"@id":"https:\/\/olympiquesspeciauxquebec.dev.gxi.co\/#website"},"datePublished":"2023-01-24T16:39:28+00:00","dateModified":"2023-03-20T14:42:10+00:00","breadcrumb":{"@id":"https:\/\/olympiquesspeciauxquebec.dev.gxi.co\/en\/about-us\/#breadcrumb"},"inLanguage":"en-US","potentialAction":[{"@type":"ReadAction","target":["https:\/\/olympiquesspeciauxquebec.dev.gxi.co\/en\/about-us\/"]}]},{"@type":"BreadcrumbList","@id":"https:\/\/olympiquesspeciauxquebec.dev.gxi.co\/en\/about-us\/#breadcrumb","itemListElement":[{"@type":"ListItem","position":1,"name":"Home","item":"https:\/\/olympiquesspeciauxquebec.dev.gxi.co\/en\/"},{"@type":"ListItem","position":2,"name":"About us"}]},{"@type":"WebSite","@id":"https:\/\/olympiquesspeciauxquebec.dev.gxi.co\/#website","url":"https:\/\/olympiquesspeciauxquebec.dev.gxi.co\/","name":"Olympiques sp\u00e9ciaux Qu\u00e9bec","description":"Olympiques sp\u00e9ciaux Qu\u00e9bec","publisher":{"@id":"https:\/\/olympiquesspeciauxquebec.dev.gxi.co\/#organization"},"potentialAction":[{"@type":"SearchAction","target":{"@type":"EntryPoint","urlTemplate":"https:\/\/olympiquesspeciauxquebec.dev.gxi.co\/?s={search_term_string}"},"query-input":"required name=search_term_string"}],"inLanguage":"en-US"},{"@type":"Organization","@id":"https:\/\/olympiquesspeciauxquebec.dev.gxi.co\/#organization","name":"Olympiques sp\u00e9ciaux Qu\u00e9bec","url":"https:\/\/olympiquesspeciauxquebec.dev.gxi.co\/","logo":{"@type":"ImageObject","inLanguage":"en-US","@id":"https:\/\/olympiquesspeciauxquebec.dev.gxi.co\/#\/schema\/logo\/image\/","url":"https:\/\/olympiquesspeciauxquebec.dev.gxi.co\/wp-content\/uploads\/2023\/01\/logo.jpg","contentUrl":"https:\/\/olympiquesspeciauxquebec.dev.gxi.co\/wp-content\/uploads\/2023\/01\/logo.jpg","width":234,"height":70,"caption":"Olympiques sp\u00e9ciaux Qu\u00e9bec"},"image":{"@id":"https:\/\/olympiquesspeciauxquebec.dev.gxi.co\/#\/schema\/logo\/image\/"}}]}},"_links":{"self":[{"href":"https:\/\/olympiquesspeciauxquebec.dev.gxi.co\/en\/wp-json\/wp\/v2\/pages\/1848"}],"collection":[{"href":"https:\/\/olympiquesspeciauxquebec.dev.gxi.co\/en\/wp-json\/wp\/v2\/pages"}],"about":[{"href":"https:\/\/olympiquesspeciauxquebec.dev.gxi.co\/en\/wp-json\/wp\/v2\/types\/page"}],"author":[{"embeddable":true,"href":"https:\/\/olympiquesspeciauxquebec.dev.gxi.co\/en\/wp-json\/wp\/v2\/users\/1"}],"replies":[{"embeddable":true,"href":"https:\/\/olympiquesspeciauxquebec.dev.gxi.co\/en\/wp-json\/wp\/v2\/comments?post=1848"}],"version-history":[{"count":1,"href":"https:\/\/olympiquesspeciauxquebec.dev.gxi.co\/en\/wp-json\/wp\/v2\/pages\/1848\/revisions"}],"predecessor-version":[{"id":1858,"href":"https:\/\/olympiquesspeciauxquebec.dev.gxi.co\/en\/wp-json\/wp\/v2\/pages\/1848\/revisions\/1858"}],"wp:attachment":[{"href":"https:\/\/olympiquesspeciauxquebec.dev.gxi.co\/en\/wp-json\/wp\/v2\/media?parent=1848"}],"curies":[{"name":"wp","href":"https:\/\/api.w.org\/{rel}","templated":true}]}}